{"id":9525,"date":"2023-07-08T11:20:35","date_gmt":"2023-07-08T09:20:35","guid":{"rendered":"https:\/\/judithjorda.com\/press-and-testimonials\/"},"modified":"2023-08-08T10:12:30","modified_gmt":"2023-08-08T08:12:30","slug":"press-and-testimonials","status":"publish","type":"page","link":"https:\/\/judithjorda.com\/en\/press-and-testimonials\/","title":{"rendered":"Press and Testimonials"},"content":{"rendered":"\n<section id=\"texto-imagen-repeater-block_22e1dbb0c18b1062a2f57cae9b90cfdf\" class=\"texto-imagen-repeater mt-5\">\n    <div class=\"container\">        \n\n                    <div class=\"row position-relative flex-row\"> \n            <div class=\"col-12 col-md-6 texto\">\n                <div class=\"row\">   \n                    <div class=\"col-md-10 col-lg-10 offset-lg-1 text-team\">\n                        <p><strong>N\u00faria Canyelles, <small>got married on 21\/09\/2019<\/small><\/strong><\/p>\n<p>It was all great, he helped us at all times and shaped our ideas to perfection. Very nice treatment and great professional. We were very lucky to have her. Thank you Judith!<\/p>\n                    <\/div>\n                <\/div>\n            <\/div>\n            \n                        <div class=\"col-12 col-md-6 foto\">\n                <img decoding=\"async\" class=\"\" src=\"https:\/\/judithjorda.com\/wp-content\/uploads\/Nuri-Canyelles-1.jpeg\" alt=\"evento\" \/>\n            <\/div>\n                    <\/div> \n                 <div class=\"row position-relative flex-row-reverse\"> \n            <div class=\"col-12 col-md-6 texto\">\n                <div class=\"row\">   \n                    <div class=\"col-md-10 col-lg-10 offset-lg-1 text-team\">\n                        <p><strong>Maya Visser<\/strong>, <small>got married on 30\/05\/2019<\/small><\/p>\n<p>The flowers were gorgeous and everything was perfectly taken care of. It was a magical day, thanks to the beautiful flowers and help of Judith Jorda and her team.<\/p>\n                    <\/div>\n                <\/div>\n            <\/div>\n            \n                        <div class=\"col-12 col-md-6 foto\">\n                <img decoding=\"async\" class=\"\" src=\"https:\/\/judithjorda.com\/wp-content\/uploads\/testimonials-1-3.jpg\" alt=\"boda\" \/>\n            <\/div>\n                    <\/div> \n                 <div class=\"row position-relative flex-row\"> \n            <div class=\"col-12 col-md-6 texto\">\n                <div class=\"row\">   \n                    <div class=\"col-md-10 col-lg-10 offset-lg-1 text-team\">\n                        <p><strong>Isa Simon<\/strong>, <small>got married on 13\/10\/2018<\/small><\/p>\n<p>Entendi\u00f3 desde el primer momento el tipo de color que necesitaba en las flores de mi boda. \u00a1Calidad-precio de 10!<\/p>\n                    <\/div>\n                <\/div>\n            <\/div>\n            \n                    <\/div> \n                 <div class=\"row position-relative flex-row-reverse\"> \n            <div class=\"col-12 col-md-6 texto\">\n                <div class=\"row\">   \n                    <div class=\"col-md-10 col-lg-10 offset-lg-1 text-team\">\n                        <p><strong>Sandra<\/strong>, <small>got married on 29\/09\/2018<\/small><\/p>\n<p>Una profesional en toda regla. Con dos palabras capt\u00f3 la idea que ten\u00eda y todo sali\u00f3 perfecto.<\/p>\n                    <\/div>\n                <\/div>\n            <\/div>\n            \n                        <div class=\"col-12 col-md-6 foto\">\n                <img decoding=\"async\" class=\"\" src=\"https:\/\/judithjorda.com\/wp-content\/uploads\/web-3-min.jpg\" alt=\"\" \/>\n            <\/div>\n                    <\/div> \n                 <div class=\"row position-relative flex-row\"> \n            <div class=\"col-12 col-md-6 texto\">\n                <div class=\"row\">   \n                    <div class=\"col-md-10 col-lg-10 offset-lg-1 text-team\">\n                        <p><strong>Veronica Klusch<\/strong>, <small>got married on 14\/09\/2018<\/small><\/p>\n<p>Una profesional excelente. La decoraci\u00f3n fue perfecta y cre\u00f3 un ramo so\u00f1ado.<\/p>\n                    <\/div>\n                <\/div>\n            <\/div>\n            \n                    <\/div> \n                 <div class=\"row position-relative flex-row-reverse\"> \n            <div class=\"col-12 col-md-6 texto\">\n                <div class=\"row\">   \n                    <div class=\"col-md-10 col-lg-10 offset-lg-1 text-team\">\n                        <p><strong>Veronica Klusch<\/strong>, <small> got married on 01\/09\/2018<\/small><\/p>\n<p>Soy una negada en tema de flores y aunque ten\u00eda muy claro lo que quer\u00eda en mi mente, explicarlo ya era otra cosa&#8230; Fui a visitar a varias floristas y nos decidimos por Judith por la sensibilidad tan especial que tiene. Me encantaron las ideas que me propuso y el resultado de su trabajo en la boda fue incre\u00edble. Aunque yo no sab\u00eda transmitir exactamente en palabras lo que quer\u00eda, ella me entendi\u00f3 y lo plasm\u00f3 a la perfecci\u00f3n. \u00a1Gracias por todo Judith! Un abrazo.<\/p>\n                    <\/div>\n                <\/div>\n            <\/div>\n            \n                    <\/div> \n                 <div class=\"row position-relative flex-row\"> \n            <div class=\"col-12 col-md-6 texto\">\n                <div class=\"row\">   \n                    <div class=\"col-md-10 col-lg-10 offset-lg-1 text-team\">\n                        <p><strong>Estela,<\/strong> <small>got married on 03\/08\/2018<\/small><\/p>\n<p>Jidith es una mujer que te pone facilidades para Todo, ademas se nota que le gusta lo que hace y disfruta con ello. Yo fui muy pesada y le iba diciendo mil cosas seg\u00fan se me ocurr\u00edan ella dijo que si a todo sin ninguna pega. Mi ramo fue precioso. Cuando llegu\u00e9 a la ceremonia alucin\u00e9 como hab\u00eda superado mis expectativas y que decir del banquete.. alucinante. Los peque\u00f1os detalles.. todo capt\u00f3 lo que yo quer\u00eda. Todo el mundo me pregunt\u00f3 quien lo hab\u00eda decorado. Las flores preciosas y frescas a pesar de los 36\u00b0 a los que est\u00e1bamos. Gracias, Judith por todo no me cansar\u00e9 de dec\u00edrtelo.<\/p>\n                    <\/div>\n                <\/div>\n            <\/div>\n            \n                        <div class=\"col-12 col-md-6 foto\">\n                <img decoding=\"async\" class=\"\" src=\"https:\/\/judithjorda.com\/wp-content\/uploads\/wedding-planner-girona-min-1.jpg\" alt=\"\" \/>\n            <\/div>\n                    <\/div> \n                 <div class=\"row position-relative flex-row-reverse\"> \n            <div class=\"col-12 col-md-6 texto\">\n                <div class=\"row\">   \n                    <div class=\"col-md-10 col-lg-10 offset-lg-1 text-team\">\n                        <p><strong>Melissa Guerrero,<\/strong> <small>got married on 14\/07\/2018<\/small><\/p>\n<p>Todo qued\u00f3 espectacular, tanto en la ceremonia (en la iglesia) como en el banquete. El ramo de novia, los ramilletes y otros detalles como la corona de flores de la damita de honor. \u00a1Todo incre\u00edble!<\/p>\n                    <\/div>\n                <\/div>\n            <\/div>\n            \n                    <\/div> \n                 <div class=\"row position-relative flex-row\"> \n            <div class=\"col-12 col-md-6 texto\">\n                <div class=\"row\">   \n                    <div class=\"col-md-10 col-lg-10 offset-lg-1 text-team\">\n                        <p><strong>SplendidEventsbyferran<\/strong>, <small>got married on 15\/01\/2018<\/small><\/p>\n<p>Tras varios a\u00f1os colaborando en las bodas que hemos hecho juntos en el Hotel La Mola de Terrassa y Mas Bonvilar os recomiendo totalmente el trabajo de Judith, una persona cercana yprofesional que sabr\u00e1 captar a la perfecci\u00f3n vuestros gustos y estilo y que os sorprendera con sus creaciones.<\/p>\n                    <\/div>\n                <\/div>\n            <\/div>\n            \n                    <\/div> \n                 <div class=\"row position-relative flex-row-reverse\"> \n            <div class=\"col-12 col-md-6 texto\">\n                <div class=\"row\">   \n                    <div class=\"col-md-10 col-lg-10 offset-lg-1 text-team\">\n                        <p><strong>nurietaxiol,<\/strong> <small>got married on 18\/05\/2017<\/small><\/p>\n<p>Judith Jord\u00e0 es una profesional excelente. Realiz\u00f3 toda la decoraci\u00f3n de nuestra boda y confiamos plenamente en ella. Adem\u00e1s, su trato es de proximidad y se adapt\u00f3 perfectamente a nuestros gustos y los supo captar y plasmar a la perfecci\u00f3n en nuestra boda. Nos di\u00f3 facilidades y atenci\u00f3n super personalizada, el d\u00eda de la boda, me hizo estar super tranquila, sabiendo que ella se estaba encargando de que todos los detalles. La recomiendo 100%, si me volviera a casar, no dudar\u00eda en volver a contar con ella. Gr\u00e0cies per tot Judith!!!<\/p>\n                    <\/div>\n                <\/div>\n            <\/div>\n            \n                        <div class=\"col-12 col-md-6 foto\">\n                <img decoding=\"async\" class=\"\" src=\"https:\/\/judithjorda.com\/wp-content\/uploads\/web-2-min-1.jpg\" alt=\"\" \/>\n            <\/div>\n                    <\/div> \n                 <div class=\"row position-relative flex-row\"> \n            <div class=\"col-12 col-md-6 texto\">\n                <div class=\"row\">   \n                    <div class=\"col-md-10 col-lg-10 offset-lg-1 text-team\">\n                        <p><strong>Esther Barnadas,<\/strong> <small>got married on 22\/04\/2017<\/small><\/p>\n<p>Judith es impresionante. Una gran profesional. Flexible, con muchas ideas para hacer de vuestro d\u00eda el d\u00eda perfecto. Fue una boda muy rom\u00e1ntica. Todos los detalles que colg\u00f3 por los \u00e1rboles eran tan bonitos que la gente se los quer\u00eda llevar y lo hicieron. Es muy r\u00e1pida, una m\u00e1quina, como digo yo. El d\u00eda de la boda ni la vi, fue como un duendecillo que se movi\u00f3 de la iglesia al restaurante a la velocidad del rayo, dej\u00e1ndolo todo perfecto. Muchas gracias.<\/p>\n                    <\/div>\n                <\/div>\n            <\/div>\n            \n                        <div class=\"col-12 col-md-6 foto\">\n                <img decoding=\"async\" class=\"\" src=\"https:\/\/judithjorda.com\/wp-content\/uploads\/web-min.jpg\" alt=\"\" \/>\n            <\/div>\n                    <\/div> \n                 <div class=\"row position-relative flex-row-reverse\"> \n            <div class=\"col-12 col-md-6 texto\">\n                <div class=\"row\">   \n                    <div class=\"col-md-10 col-lg-10 offset-lg-1 text-team\">\n                        <p><strong>pepcreus,<\/strong> <small>got married on 02\/03\/2017<\/small><\/p>\n<p>es una profesional como la copa de un pino, por donde pasa siembra harmonia y sus arreglos despreden m\u00e1gia.<\/p>\n                    <\/div>\n                <\/div>\n            <\/div>\n            \n                    <\/div> \n                 <div class=\"row position-relative flex-row\"> \n            <div class=\"col-12 col-md-6 texto\">\n                <div class=\"row\">   \n                    <div class=\"col-md-10 col-lg-10 offset-lg-1 text-team\">\n                        <p><strong>Blanca Gonzalez Massot,<\/strong> <small>got married on 17\/09\/2016<\/small><\/p>\n<p>Judith fue encantadora durante todo el proceso. Yo iba totalmente perdida con el tema de las flores y no dud\u00f3 en orientarme para que acabara encontrando lo que realmente iba a funcionar. Yo le daba poca importancia al tema del ramo y la mare\u00e9 un poco, y al final acert\u00f3 al 100%, iba perfecto con mi modelo y con el estilo de la boda. Tambi\u00e9n destacar su flexibilidad, me dio todas las opciones posibles para ajustar precios y asegurarse de que quedara satisfecha. \u00a1Muchas gracias, Judith!<\/p>\n                    <\/div>\n                <\/div>\n            <\/div>\n            \n                    <\/div> \n                 <div class=\"row position-relative flex-row-reverse\"> \n            <div class=\"col-12 col-md-6 texto\">\n                <div class=\"row\">   \n                    <div class=\"col-md-10 col-lg-10 offset-lg-1 text-team\">\n                        <p><strong>Anabel Due\u00f1as Casanavas,<\/strong> <small>got married on 03\/09\/2016<\/small><\/p>\n<p>Excelente persona, un persona que trabaja muy bien. La verdad es que lo que le hemos pedido era lo correcto, la recomiendo 100%. El precio, el adecuado, y muy bien trabajado. Much\u00edsimas gracias Judith y el personal que trabaja con ella.<\/p>\n                    <\/div>\n                <\/div>\n            <\/div>\n            \n                    <\/div> \n                 <div class=\"row position-relative flex-row\"> \n            <div class=\"col-12 col-md-6 texto\">\n                <div class=\"row\">   \n                    <div class=\"col-md-10 col-lg-10 offset-lg-1 text-team\">\n                        <p><strong>boscarmen,<\/strong> <small> got married on 27\/02\/2013<\/small><\/p>\n<p>Si y en efecto, lo he hecho y todas, que son varias, me han dado las gracias. Tiene una sensibilidad como nadie. Interpreta lo que tu quieres solo con verte. Para mi es la mejor&#8230;no me he casado todav\u00eda, pero sin lugar a dudas ser\u00e1 mi elegida, es impresionante.<\/p>\n                    <\/div>\n                <\/div>\n            <\/div>\n            \n                    <\/div> \n                     \n\n        \n    <\/div>\n\n<\/section>\n\n\n<section id=\"wising-block_7fe5c5cd5da0f16af7672fd309d768bf\" class=\"wising mb-5 mt-5\">\n    <div class=\"container\">\n        <div class=\"row\">\n            <div class=\"col-12\">\n               <p style=\"text-align: center;\"><b>You can see all the recommendations in <a class=\"external\" href=\"https:\/\/www.bodas.net\/floristerias\/arte-floral-judith-jorda--e28794\/opiniones\" target=\"_blank\" rel=\"noopener noreferrer nofollow\">www.bodas.net<\/a> and <a class=\"external\" href=\"https:\/\/www.zankyou.es\/f\/arte-floral-judith-jorda-2309\" target=\"_blank\" rel=\"noopener noreferrer nofollow\">zankyou.es<\/a>.<\/b><\/p>\n            <\/div>\n        <\/div>\n    <\/div>\n<\/section>\n\n\n\n<section id=\"wising-block_772760b06a1588b93334e93754828d4a\" class=\"wising mb-5 mt-5\">\n    <div class=\"container\">\n        <div class=\"row\">\n            <div class=\"col-12\">\n               <h2 class=\"titulo-borde\">Press<\/h2>\n            <\/div>\n        <\/div>\n    <\/div>\n<\/section>\n\n\n\n<section id=\"logo-cliente-block_2db2867b2b11514e365f1e09334e3f4d\" class=\"logo-cliente izq\" style=\"background: url() no-repeat;background-size: cover; min-height: 450px!important;\">\n    <div class=\"container\">\n        <div class=\"row position-relative\">\n                        <div class=\"col-12 col-lg-12\">\n                                                        <\/div>\n                        <div class=\"col-12 col-lg-12 espacio-lateral-lg\">\n                <div class=\"bullet-contenedor\">\n                                        <div class=\"logo text-center\">\n                       \n                                            <\/div>\n                                        <div class=\"logo text-center\">\n                       \n                                                <a target=\"_blank\" href=\"https:\/\/weddings-abroad-experts.com\/getting-married-in-spain\/judith-jorda-an-excellent-wedding-florist-in-barcelona\/\" rel=\"nofollow\">\n                            <img decoding=\"async\" class=\"\" src=\"https:\/\/judithjorda.com\/wp-content\/uploads\/lgo-1.png\" alt=\"wedding logo\" \/>\n                        \n                        <\/a>\n                                            <\/div>\n                                        <div class=\"logo text-center\">\n                       \n                                                <a target=\"_blank\" href=\"https:\/\/perfectdayweddingsblog.blogspot.com\/2014\/03\/shooting-campestre-en-mas-bonvilar-by.html\" rel=\"nofollow\">\n                            <img decoding=\"async\" class=\"\" src=\"https:\/\/judithjorda.com\/wp-content\/uploads\/Captura-de-pantalla-2015-11-22-a-les-22.47.411-1.png\" alt=\"perfect day. logo\" \/>\n                        \n                        <\/a>\n                                            <\/div>\n                                        <div class=\"logo text-center\">\n                       \n                                                <a target=\"_blank\" href=\"https:\/\/bodascucas.blogspot.com\/2014\/08\/una-sesion-fotografica-nupcial-de.html\" rel=\"nofollow\">\n                            <img decoding=\"async\" class=\"\" src=\"https:\/\/judithjorda.com\/wp-content\/uploads\/bodascucas-1.jpg\" alt=\"bodascucas\" \/>\n                        \n                        <\/a>\n                                            <\/div>\n                                        <div class=\"logo text-center\">\n                       \n                                                <a target=\"_blank\" href=\"https:\/\/muymolon.com\/tiendas-molonas\/bienvenidas-queridas-marcas-amigas-y-bonitas\/\" rel=\"nofollow\">\n                            <img decoding=\"async\" class=\"\" src=\"https:\/\/judithjorda.com\/wp-content\/uploads\/muym-1.jpg\" alt=\"muy molon\" \/>\n                        \n                        <\/a>\n                                            <\/div>\n                                        <div class=\"logo text-center\">\n                       \n                                            <\/div>\n                                        <div class=\"logo text-center\">\n                       \n                                            <\/div>\n                                        <div class=\"logo text-center\">\n                       \n                                                <a target=\"_blank\" href=\"https:\/\/webnovias.com\/belleza\/bodas-campestres-inspirate\/\" rel=\"nofollow\">\n                            <img decoding=\"async\" class=\"\" src=\"https:\/\/judithjorda.com\/wp-content\/uploads\/logo-2.png\" alt=\"logo webnovias\" \/>\n                        \n                        <\/a>\n                                            <\/div>\n                                    <\/div>\n            <\/div>\n                    <\/div>      \n    <\/div>\n<\/section>\n\n    ","protected":false},"excerpt":{"rendered":"","protected":false},"author":1,"featured_media":9502,"parent":0,"menu_order":0,"comment_status":"closed","ping_status":"closed","template":"template-basico.php","meta":{"_acf_changed":false,"_joinchat":[],"footnotes":""},"class_list":["post-9525","page","type-page","status-publish","has-post-thumbnail","hentry"],"acf":[],"yoast_head":"<!-- This site is optimized with the Yoast SEO plugin v27.2 - https:\/\/yoast.com\/product\/yoast-seo-wordpress\/ -->\n<title>Press and Testimonials - Florista experta en decoraciones y arreglos florales Barcelona y Girona<\/title>\n<meta name=\"robots\" content=\"index, follow, max-snippet:-1, max-image-preview:large, max-video-preview:-1\" \/>\n<link rel=\"canonical\" href=\"https:\/\/judithjorda.com\/en\/press-and-testimonials\/\" \/>\n<meta property=\"og:locale\" content=\"en_US\" \/>\n<meta property=\"og:type\" content=\"article\" \/>\n<meta property=\"og:title\" content=\"Press and Testimonials - Florista experta en decoraciones y arreglos florales Barcelona y Girona\" \/>\n<meta property=\"og:url\" content=\"https:\/\/judithjorda.com\/en\/press-and-testimonials\/\" \/>\n<meta property=\"og:site_name\" content=\"Florista experta en decoraciones y arreglos florales Barcelona y Girona\" \/>\n<meta property=\"article:publisher\" content=\"https:\/\/www.facebook.com\/guadixpoliclinica\/\" \/>\n<meta property=\"article:modified_time\" content=\"2023-08-08T08:12:30+00:00\" \/>\n<meta property=\"og:image\" content=\"https:\/\/judithjorda.com\/wp-content\/uploads\/cabecera-simple-1.jpg\" \/>\n\t<meta property=\"og:image:width\" content=\"1611\" \/>\n\t<meta property=\"og:image:height\" content=\"250\" \/>\n\t<meta property=\"og:image:type\" content=\"image\/jpeg\" \/>\n<meta name=\"twitter:card\" content=\"summary_large_image\" \/>\n<script type=\"application\/ld+json\" class=\"yoast-schema-graph\">{\"@context\":\"https:\/\/schema.org\",\"@graph\":[{\"@type\":\"WebPage\",\"@id\":\"https:\/\/judithjorda.com\/en\/press-and-testimonials\/\",\"url\":\"https:\/\/judithjorda.com\/en\/press-and-testimonials\/\",\"name\":\"Press and Testimonials - Florista experta en decoraciones y arreglos florales Barcelona y Girona\",\"isPartOf\":{\"@id\":\"https:\/\/judithjorda.com\/#website\"},\"primaryImageOfPage\":{\"@id\":\"https:\/\/judithjorda.com\/en\/press-and-testimonials\/#primaryimage\"},\"image\":{\"@id\":\"https:\/\/judithjorda.com\/en\/press-and-testimonials\/#primaryimage\"},\"thumbnailUrl\":\"https:\/\/judithjorda.com\/wp-content\/uploads\/cabecera-simple-1.jpg\",\"datePublished\":\"2023-07-08T09:20:35+00:00\",\"dateModified\":\"2023-08-08T08:12:30+00:00\",\"inLanguage\":\"en-US\",\"potentialAction\":[{\"@type\":\"ReadAction\",\"target\":[\"https:\/\/judithjorda.com\/en\/press-and-testimonials\/\"]}]},{\"@type\":\"ImageObject\",\"inLanguage\":\"en-US\",\"@id\":\"https:\/\/judithjorda.com\/en\/press-and-testimonials\/#primaryimage\",\"url\":\"https:\/\/judithjorda.com\/wp-content\/uploads\/cabecera-simple-1.jpg\",\"contentUrl\":\"https:\/\/judithjorda.com\/wp-content\/uploads\/cabecera-simple-1.jpg\",\"width\":1611,\"height\":250},{\"@type\":\"WebSite\",\"@id\":\"https:\/\/judithjorda.com\/#website\",\"url\":\"https:\/\/judithjorda.com\/\",\"name\":\"Florista experta en decoraciones y arreglos florales Barcelona y Girona\",\"description\":\"Florista y arreglos florales en Barcelona y Girona.\",\"potentialAction\":[{\"@type\":\"SearchAction\",\"target\":{\"@type\":\"EntryPoint\",\"urlTemplate\":\"https:\/\/judithjorda.com\/?s={search_term_string}\"},\"query-input\":{\"@type\":\"PropertyValueSpecification\",\"valueRequired\":true,\"valueName\":\"search_term_string\"}}],\"inLanguage\":\"en-US\"}]}<\/script>\n<!-- \/ Yoast SEO plugin. -->","yoast_head_json":{"title":"Press and Testimonials - Florista experta en decoraciones y arreglos florales Barcelona y Girona","robots":{"index":"index","follow":"follow","max-snippet":"max-snippet:-1","max-image-preview":"max-image-preview:large","max-video-preview":"max-video-preview:-1"},"canonical":"https:\/\/judithjorda.com\/en\/press-and-testimonials\/","og_locale":"en_US","og_type":"article","og_title":"Press and Testimonials - Florista experta en decoraciones y arreglos florales Barcelona y Girona","og_url":"https:\/\/judithjorda.com\/en\/press-and-testimonials\/","og_site_name":"Florista experta en decoraciones y arreglos florales Barcelona y Girona","article_publisher":"https:\/\/www.facebook.com\/guadixpoliclinica\/","article_modified_time":"2023-08-08T08:12:30+00:00","og_image":[{"width":1611,"height":250,"url":"https:\/\/judithjorda.com\/wp-content\/uploads\/cabecera-simple-1.jpg","type":"image\/jpeg"}],"twitter_card":"summary_large_image","schema":{"@context":"https:\/\/schema.org","@graph":[{"@type":"WebPage","@id":"https:\/\/judithjorda.com\/en\/press-and-testimonials\/","url":"https:\/\/judithjorda.com\/en\/press-and-testimonials\/","name":"Press and Testimonials - Florista experta en decoraciones y arreglos florales Barcelona y Girona","isPartOf":{"@id":"https:\/\/judithjorda.com\/#website"},"primaryImageOfPage":{"@id":"https:\/\/judithjorda.com\/en\/press-and-testimonials\/#primaryimage"},"image":{"@id":"https:\/\/judithjorda.com\/en\/press-and-testimonials\/#primaryimage"},"thumbnailUrl":"https:\/\/judithjorda.com\/wp-content\/uploads\/cabecera-simple-1.jpg","datePublished":"2023-07-08T09:20:35+00:00","dateModified":"2023-08-08T08:12:30+00:00","inLanguage":"en-US","potentialAction":[{"@type":"ReadAction","target":["https:\/\/judithjorda.com\/en\/press-and-testimonials\/"]}]},{"@type":"ImageObject","inLanguage":"en-US","@id":"https:\/\/judithjorda.com\/en\/press-and-testimonials\/#primaryimage","url":"https:\/\/judithjorda.com\/wp-content\/uploads\/cabecera-simple-1.jpg","contentUrl":"https:\/\/judithjorda.com\/wp-content\/uploads\/cabecera-simple-1.jpg","width":1611,"height":250},{"@type":"WebSite","@id":"https:\/\/judithjorda.com\/#website","url":"https:\/\/judithjorda.com\/","name":"Florista experta en decoraciones y arreglos florales Barcelona y Girona","description":"Florista y arreglos florales en Barcelona y Girona.","potentialAction":[{"@type":"SearchAction","target":{"@type":"EntryPoint","urlTemplate":"https:\/\/judithjorda.com\/?s={search_term_string}"},"query-input":{"@type":"PropertyValueSpecification","valueRequired":true,"valueName":"search_term_string"}}],"inLanguage":"en-US"}]}},"_links":{"self":[{"href":"https:\/\/judithjorda.com\/en\/wp-json\/wp\/v2\/pages\/9525","targetHints":{"allow":["GET"]}}],"collection":[{"href":"https:\/\/judithjorda.com\/en\/wp-json\/wp\/v2\/pages"}],"about":[{"href":"https:\/\/judithjorda.com\/en\/wp-json\/wp\/v2\/types\/page"}],"author":[{"embeddable":true,"href":"https:\/\/judithjorda.com\/en\/wp-json\/wp\/v2\/users\/1"}],"replies":[{"embeddable":true,"href":"https:\/\/judithjorda.com\/en\/wp-json\/wp\/v2\/comments?post=9525"}],"version-history":[{"count":2,"href":"https:\/\/judithjorda.com\/en\/wp-json\/wp\/v2\/pages\/9525\/revisions"}],"predecessor-version":[{"id":9837,"href":"https:\/\/judithjorda.com\/en\/wp-json\/wp\/v2\/pages\/9525\/revisions\/9837"}],"wp:featuredmedia":[{"embeddable":true,"href":"https:\/\/judithjorda.com\/en\/wp-json\/wp\/v2\/media\/9502"}],"wp:attachment":[{"href":"https:\/\/judithjorda.com\/en\/wp-json\/wp\/v2\/media?parent=9525"}],"curies":[{"name":"wp","href":"https:\/\/api.w.org\/{rel}","templated":true}]}}